{"id":52,"date":"2022-04-15T15:54:01","date_gmt":"2022-04-15T13:54:01","guid":{"rendered":"https:\/\/tkg-instalacje.pl\/?page_id=52"},"modified":"2022-05-14T07:58:33","modified_gmt":"2022-05-14T05:58:33","slug":"landing-page","status":"publish","type":"page","link":"https:\/\/tkg-instalacje.pl\/","title":{"rendered":"Landing page"},"content":{"rendered":"<p>[et_pb_section fb_built=&#8221;1&#8243; fullwidth=&#8221;on&#8221; _builder_version=&#8221;4.17.4&#8243; _module_preset=&#8221;default&#8221; max_width=&#8221;1920px&#8221; module_alignment=&#8221;center&#8221; min_height=&#8221;560px&#8221; height=&#8221;560px&#8221; max_height=&#8221;560px&#8221; hover_enabled=&#8221;0&#8243; global_colors_info=&#8221;{}&#8221; sticky_enabled=&#8221;0&#8243;][et_pb_fullwidth_slider _builder_version=&#8221;4.17.4&#8243; _module_preset=&#8221;default&#8221; header_font=&#8221;Poppins|700|||||||&#8221; header_text_color=&#8221;#e5e5e5&#8243; header_font_size=&#8221;42px&#8221; header_line_height=&#8221;1.5em&#8221; body_font=&#8221;Poppins|500|||||||&#8221; body_text_align=&#8221;left&#8221; body_text_color=&#8221;#496481&#8243; body_font_size=&#8221;13px&#8221; body_line_height=&#8221;2em&#8221; use_background_color_gradient=&#8221;on&#8221; background_color_gradient_direction=&#8221;90deg&#8221; background_color_gradient_stops=&#8221;#a0bcd2 0%|#ffffff 100%&#8221; custom_button=&#8221;on&#8221; button_text_size=&#8221;14px&#8221; button_text_color=&#8221;#8093a3&#8243; text_orientation=&#8221;left&#8221; width=&#8221;100%&#8221; max_width=&#8221;100%&#8221; min_height=&#8221;550px&#8221; height=&#8221;550px&#8221; max_height=&#8221;550px&#8221; custom_padding=&#8221;10px||12px||false|false&#8221; auto=&#8221;on&#8221; auto_ignore_hover=&#8221;on&#8221; hover_enabled=&#8221;0&#8243; header_text_shadow_style=&#8221;preset1&#8243; header_text_shadow_vertical_length=&#8221;0.06em&#8221; header_text_shadow_color=&#8221;#a0acba&#8221; global_colors_info=&#8221;{}&#8221; sticky_enabled=&#8221;0&#8243;][et_pb_slide heading=&#8221;INSTALACJE ELEKTRYCZNE TELETECHNICZNE&#8221; button_text=&#8221;ZOBACZ NASZE REALIZACJE&#8221; button_link=&#8221;https:\/\/tkg-instalacje.pl\/index.php\/oferta\/&#8221; _builder_version=&#8221;4.17.4&#8243; _module_preset=&#8221;default&#8221; background_enable_color=&#8221;off&#8221; background_image=&#8221;https:\/\/tkg-instalacje.pl\/wp-content\/uploads\/2022\/05\/slider_instalacje.png&#8221; background_enable_image=&#8221;on&#8221; background_position=&#8221;center_right&#8221; background_horizontal_offset=&#8221;24%&#8221; custom_button=&#8221;on&#8221; button_text_size=&#8221;18px&#8221; button_text_color=&#8221;#ffffff&#8221; button_bg_color=&#8221;#5a8bc2&#8243; button_border_color=&#8221;RGBA(255,255,255,0)&#8221; button_letter_spacing=&#8221;2px&#8221; button_font=&#8221;Poppins|||on|||||&#8221; hover_enabled=&#8221;0&#8243; background_last_edited=&#8221;on|phone&#8221; background_horizontal_offset_phone=&#8221;66%&#8221; header_text_shadow_style=&#8221;preset3&#8243; header_text_shadow_vertical_length=&#8221;0.02em&#8221; header_text_shadow_blur_strength=&#8221;0.2em&#8221; header_text_shadow_color=&#8221;#223275&#8243; global_colors_info=&#8221;{}&#8221; sticky_transition=&#8221;on&#8221; sticky_enabled=&#8221;0&#8243;]<\/p>\n<p>Zapraszamy do zapoznania si\u0119 z nasz\u0105 ofert\u0105<\/p>\n<p>[\/et_pb_slide][et_pb_slide _builder_version=&#8221;4.17.4&#8243; _module_preset=&#8221;default&#8221; background_enable_color=&#8221;off&#8221; background_image=&#8221;https:\/\/tkg-instalacje.pl\/wp-content\/uploads\/2022\/05\/wts_instalacje.png&#8221; background_enable_image=&#8221;on&#8221; background_size=&#8221;contain&#8221; width=&#8221;100%&#8221; max_width=&#8221;100%&#8221; custom_padding=&#8221;0px|147px||147px|false|true&#8221; hover_enabled=&#8221;0&#8243; global_colors_info=&#8221;{}&#8221; sticky_transition=&#8221;on&#8221; title_text=&#8221;wts_instalacje&#8221; sticky_enabled=&#8221;0&#8243;][\/et_pb_slide][\/et_pb_fullwidth_slider][\/et_pb_section][et_pb_section fb_built=&#8221;1&#8243; admin_label=&#8221;Mobile Design CTA&#8221; _builder_version=&#8221;4.17.3&#8243; _module_preset=&#8221;default&#8221; background_color=&#8221;#FFFFFF&#8221; custom_padding=&#8221;30px|0px|0px|0px||&#8221; box_shadow_style=&#8221;preset7&#8243; box_shadow_horizontal=&#8221;0px&#8221; box_shadow_vertical=&#8221;-40px&#8221; box_shadow_color=&#8221;#ffffff&#8221; global_colors_info=&#8221;{}&#8221;][et_pb_row column_structure=&#8221;1_3,1_3,1_3&#8243; _builder_version=&#8221;4.17.4&#8243; _module_preset=&#8221;default&#8221; custom_margin=&#8221;10px|auto||auto||&#8221; custom_padding=&#8221;0px||77px|||&#8221; global_colors_info=&#8221;{}&#8221;][et_pb_column type=&#8221;1_3&#8243; _builder_version=&#8221;4.17.4&#8243; _module_preset=&#8221;default&#8221; global_colors_info=&#8221;{}&#8221;][et_pb_blurb title=&#8221;Instalacje elektryczne&#8221; image=&#8221;https:\/\/tkg-instalacje.pl\/wp-content\/uploads\/2022\/05\/installation.png&#8221; image_icon_width=&#8221;41%&#8221; admin_label=&#8221;Service&#8221; _builder_version=&#8221;4.17.4&#8243; _module_preset=&#8221;default&#8221; header_font=&#8221;Montserrat|600|||||||&#8221; header_text_align=&#8221;center&#8221; header_font_size=&#8221;17px&#8221; header_line_height=&#8221;1.7em&#8221; body_font=&#8221;Ubuntu||||||||&#8221; body_text_align=&#8221;center&#8221; body_text_color=&#8221;rgba(255,255,255,0.7)&#8221; body_font_size=&#8221;16px&#8221; body_line_height=&#8221;1.8em&#8221; background_color=&#8221;RGBA(255,255,255,0)&#8221; width=&#8221;80%&#8221; max_width=&#8221;80%&#8221; module_alignment=&#8221;center&#8221; custom_padding=&#8221;60px|30px|42px|40px||&#8221; animation_style=&#8221;slide&#8221; animation_direction=&#8221;bottom&#8221; animation_intensity_slide=&#8221;10%&#8221; animation=&#8221;off&#8221; link_option_url=&#8221;https:\/\/tkg-instalacje.pl\/index.php\/realizacje\/&#8221; border_radii=&#8221;on|5px|5px|5px|5px&#8221; box_shadow_style=&#8221;preset3&#8243; box_shadow_blur=&#8221;46px&#8221; box_shadow_color=&#8221;#9bb8db&#8221; global_colors_info=&#8221;{}&#8221; background__hover_enabled=&#8221;on|desktop&#8221; background_color__hover=&#8221;#d4e6f3&#8243; background_enable_color__hover=&#8221;on&#8221;][\/et_pb_blurb][et_pb_blurb title=&#8221;Sieci strukturalne&#8221; image=&#8221;https:\/\/tkg-instalacje.pl\/wp-content\/uploads\/2022\/05\/diagram.png&#8221; image_icon_width=&#8221;41%&#8221; admin_label=&#8221;Service&#8221; _builder_version=&#8221;4.17.4&#8243; _module_preset=&#8221;default&#8221; header_font=&#8221;Montserrat|600|||||||&#8221; header_text_align=&#8221;center&#8221; header_font_size=&#8221;17px&#8221; header_line_height=&#8221;1.7em&#8221; body_font=&#8221;Ubuntu||||||||&#8221; body_text_align=&#8221;center&#8221; body_text_color=&#8221;rgba(255,255,255,0.7)&#8221; body_font_size=&#8221;16px&#8221; body_line_height=&#8221;1.8em&#8221; background_color=&#8221;RGBA(255,255,255,0)&#8221; width=&#8221;80%&#8221; max_width=&#8221;80%&#8221; module_alignment=&#8221;center&#8221; custom_padding=&#8221;60px|30px|42px|40px||&#8221; animation_style=&#8221;slide&#8221; animation_direction=&#8221;bottom&#8221; animation_intensity_slide=&#8221;10%&#8221; animation=&#8221;off&#8221; link_option_url=&#8221;https:\/\/tkg-instalacje.pl\/index.php\/realizacje\/&#8221; border_radii=&#8221;on|5px|5px|5px|5px&#8221; box_shadow_style=&#8221;preset3&#8243; box_shadow_blur=&#8221;46px&#8221; box_shadow_color=&#8221;#9bb8db&#8221; global_colors_info=&#8221;{}&#8221; background__hover_enabled=&#8221;on|desktop&#8221; background_color__hover=&#8221;#d4e6f3&#8243; background_enable_color__hover=&#8221;on&#8221;][\/et_pb_blurb][et_pb_blurb title=&#8221;Systemy sygnalizacji po\u017caru&#8221; image=&#8221;https:\/\/tkg-instalacje.pl\/wp-content\/uploads\/2022\/05\/fire.png&#8221; image_icon_width=&#8221;41%&#8221; admin_label=&#8221;Service&#8221; _builder_version=&#8221;4.17.4&#8243; _module_preset=&#8221;default&#8221; header_font=&#8221;Montserrat|600|||||||&#8221; header_text_align=&#8221;center&#8221; header_font_size=&#8221;17px&#8221; header_line_height=&#8221;1.7em&#8221; body_font=&#8221;Ubuntu||||||||&#8221; body_text_align=&#8221;center&#8221; body_text_color=&#8221;rgba(255,255,255,0.7)&#8221; body_font_size=&#8221;16px&#8221; body_line_height=&#8221;1.8em&#8221; background_color=&#8221;RGBA(255,255,255,0)&#8221; width=&#8221;80%&#8221; max_width=&#8221;80%&#8221; module_alignment=&#8221;center&#8221; custom_padding=&#8221;60px|30px|42px|40px||&#8221; animation_style=&#8221;slide&#8221; animation_direction=&#8221;bottom&#8221; animation_intensity_slide=&#8221;10%&#8221; animation=&#8221;off&#8221; link_option_url=&#8221;https:\/\/tkg-instalacje.pl\/index.php\/realizacje\/&#8221; border_radii=&#8221;on|5px|5px|5px|5px&#8221; box_shadow_style=&#8221;preset3&#8243; box_shadow_blur=&#8221;46px&#8221; box_shadow_color=&#8221;#9bb8db&#8221; global_colors_info=&#8221;{}&#8221; background__hover_enabled=&#8221;on|desktop&#8221; background_color__hover=&#8221;#d4e6f3&#8243; background_enable_color__hover=&#8221;on&#8221;][\/et_pb_blurb][\/et_pb_column][et_pb_column type=&#8221;1_3&#8243; _builder_version=&#8221;4.17.4&#8243; _module_preset=&#8221;default&#8221; global_colors_info=&#8221;{}&#8221;][et_pb_blurb title=&#8221;Instalacje alarmowe&#8221; image=&#8221;https:\/\/tkg-instalacje.pl\/wp-content\/uploads\/2022\/05\/alarm.png&#8221; image_icon_width=&#8221;41%&#8221; admin_label=&#8221;Service&#8221; _builder_version=&#8221;4.17.4&#8243; _module_preset=&#8221;default&#8221; header_font=&#8221;Montserrat|600|||||||&#8221; header_text_align=&#8221;center&#8221; header_font_size=&#8221;17px&#8221; header_line_height=&#8221;1.7em&#8221; body_font=&#8221;Ubuntu||||||||&#8221; body_text_align=&#8221;center&#8221; body_text_color=&#8221;rgba(255,255,255,0.7)&#8221; body_font_size=&#8221;16px&#8221; body_line_height=&#8221;1.8em&#8221; background_color=&#8221;RGBA(255,255,255,0)&#8221; width=&#8221;80%&#8221; max_width=&#8221;80%&#8221; module_alignment=&#8221;center&#8221; custom_padding=&#8221;60px|30px|42px|40px||&#8221; animation_style=&#8221;slide&#8221; animation_direction=&#8221;bottom&#8221; animation_intensity_slide=&#8221;10%&#8221; animation=&#8221;off&#8221; link_option_url=&#8221;https:\/\/tkg-instalacje.pl\/index.php\/realizacje\/&#8221; border_radii=&#8221;on|5px|5px|5px|5px&#8221; box_shadow_style=&#8221;preset3&#8243; box_shadow_blur=&#8221;46px&#8221; box_shadow_color=&#8221;#9bb8db&#8221; global_colors_info=&#8221;{}&#8221; background__hover_enabled=&#8221;on|desktop&#8221; background_color__hover=&#8221;#d4e6f3&#8243; background_enable_color__hover=&#8221;on&#8221;][\/et_pb_blurb][et_pb_blurb title=&#8221;Okablowania \/ trasy kablowe&#8221; image=&#8221;https:\/\/tkg-instalacje.pl\/wp-content\/uploads\/2022\/05\/phone-cable.png&#8221; image_icon_width=&#8221;41%&#8221; admin_label=&#8221;Service&#8221; _builder_version=&#8221;4.17.4&#8243; _module_preset=&#8221;default&#8221; header_font=&#8221;Montserrat|600|||||||&#8221; header_text_align=&#8221;center&#8221; header_font_size=&#8221;17px&#8221; header_line_height=&#8221;1.7em&#8221; body_font=&#8221;Ubuntu||||||||&#8221; body_text_align=&#8221;center&#8221; body_text_color=&#8221;rgba(255,255,255,0.7)&#8221; body_font_size=&#8221;16px&#8221; body_line_height=&#8221;1.8em&#8221; background_color=&#8221;RGBA(255,255,255,0)&#8221; width=&#8221;80%&#8221; max_width=&#8221;80%&#8221; module_alignment=&#8221;center&#8221; custom_padding=&#8221;60px|30px|42px|40px||&#8221; animation_style=&#8221;slide&#8221; animation_direction=&#8221;bottom&#8221; animation_intensity_slide=&#8221;10%&#8221; animation=&#8221;off&#8221; link_option_url=&#8221;https:\/\/tkg-instalacje.pl\/index.php\/realizacje\/&#8221; border_radii=&#8221;on|5px|5px|5px|5px&#8221; box_shadow_style=&#8221;preset3&#8243; box_shadow_blur=&#8221;46px&#8221; box_shadow_color=&#8221;#9bb8db&#8221; global_colors_info=&#8221;{}&#8221; background__hover_enabled=&#8221;on|desktop&#8221; background_color__hover=&#8221;#d4e6f3&#8243; background_enable_color__hover=&#8221;on&#8221;][\/et_pb_blurb][et_pb_blurb title=&#8221;Automatyka budynkowa&#8221; image=&#8221;https:\/\/tkg-instalacje.pl\/wp-content\/uploads\/2022\/05\/home-automation.png&#8221; image_icon_width=&#8221;41%&#8221; admin_label=&#8221;Service&#8221; _builder_version=&#8221;4.17.4&#8243; _module_preset=&#8221;default&#8221; header_font=&#8221;Montserrat|600|||||||&#8221; header_text_align=&#8221;center&#8221; header_font_size=&#8221;17px&#8221; header_line_height=&#8221;1.7em&#8221; body_font=&#8221;Ubuntu||||||||&#8221; body_text_align=&#8221;center&#8221; body_text_color=&#8221;rgba(255,255,255,0.7)&#8221; body_font_size=&#8221;16px&#8221; body_line_height=&#8221;1.8em&#8221; background_color=&#8221;RGBA(255,255,255,0)&#8221; width=&#8221;80%&#8221; max_width=&#8221;80%&#8221; module_alignment=&#8221;center&#8221; custom_padding=&#8221;60px|30px|42px|40px||&#8221; animation_style=&#8221;slide&#8221; animation_direction=&#8221;bottom&#8221; animation_intensity_slide=&#8221;10%&#8221; animation=&#8221;off&#8221; link_option_url=&#8221;https:\/\/tkg-instalacje.pl\/index.php\/realizacje\/&#8221; border_radii=&#8221;on|5px|5px|5px|5px&#8221; box_shadow_style=&#8221;preset3&#8243; box_shadow_blur=&#8221;46px&#8221; box_shadow_color=&#8221;#9bb8db&#8221; global_colors_info=&#8221;{}&#8221; background__hover_enabled=&#8221;on|desktop&#8221; background_color__hover=&#8221;#d4e6f3&#8243; background_enable_color__hover=&#8221;on&#8221;][\/et_pb_blurb][\/et_pb_column][et_pb_column type=&#8221;1_3&#8243; _builder_version=&#8221;4.17.4&#8243; _module_preset=&#8221;default&#8221; global_colors_info=&#8221;{}&#8221;][et_pb_blurb title=&#8221;Systemy monitoringu&#8221; image=&#8221;https:\/\/tkg-instalacje.pl\/wp-content\/uploads\/2022\/05\/cctv-camera.png&#8221; image_icon_width=&#8221;41%&#8221; admin_label=&#8221;Service&#8221; _builder_version=&#8221;4.17.4&#8243; _module_preset=&#8221;default&#8221; header_font=&#8221;Montserrat|600|||||||&#8221; header_text_align=&#8221;center&#8221; header_font_size=&#8221;17px&#8221; header_line_height=&#8221;1.7em&#8221; body_font=&#8221;Ubuntu||||||||&#8221; body_text_align=&#8221;center&#8221; body_text_color=&#8221;rgba(255,255,255,0.7)&#8221; body_font_size=&#8221;16px&#8221; body_line_height=&#8221;1.8em&#8221; background_color=&#8221;RGBA(255,255,255,0)&#8221; width=&#8221;80%&#8221; max_width=&#8221;80%&#8221; module_alignment=&#8221;center&#8221; custom_padding=&#8221;60px|30px|42px|40px||&#8221; animation_style=&#8221;slide&#8221; animation_direction=&#8221;bottom&#8221; animation_intensity_slide=&#8221;10%&#8221; animation=&#8221;off&#8221; link_option_url=&#8221;https:\/\/tkg-instalacje.pl\/index.php\/realizacje\/&#8221; border_radii=&#8221;on|5px|5px|5px|5px&#8221; box_shadow_style=&#8221;preset3&#8243; box_shadow_blur=&#8221;46px&#8221; box_shadow_color=&#8221;#9bb8db&#8221; global_colors_info=&#8221;{}&#8221; background__hover_enabled=&#8221;on|desktop&#8221; background_color__hover=&#8221;#d4e6f3&#8243; background_enable_color__hover=&#8221;on&#8221;][\/et_pb_blurb][et_pb_blurb title=&#8221;Systemy oddymiania&#8221; image=&#8221;https:\/\/tkg-instalacje.pl\/wp-content\/uploads\/2022\/05\/ventilation.png&#8221; image_icon_width=&#8221;41%&#8221; admin_label=&#8221;Service&#8221; _builder_version=&#8221;4.17.4&#8243; _module_preset=&#8221;default&#8221; header_font=&#8221;Montserrat|600|||||||&#8221; header_text_align=&#8221;center&#8221; header_font_size=&#8221;17px&#8221; header_line_height=&#8221;1.7em&#8221; body_font=&#8221;Ubuntu||||||||&#8221; body_text_align=&#8221;center&#8221; body_text_color=&#8221;rgba(255,255,255,0.7)&#8221; body_font_size=&#8221;16px&#8221; body_line_height=&#8221;1.8em&#8221; background_color=&#8221;RGBA(255,255,255,0)&#8221; width=&#8221;80%&#8221; max_width=&#8221;80%&#8221; module_alignment=&#8221;center&#8221; custom_padding=&#8221;60px|30px|42px|40px||&#8221; animation_style=&#8221;slide&#8221; animation_direction=&#8221;bottom&#8221; animation_intensity_slide=&#8221;10%&#8221; animation=&#8221;off&#8221; link_option_url=&#8221;https:\/\/tkg-instalacje.pl\/index.php\/realizacje\/&#8221; border_radii=&#8221;on|5px|5px|5px|5px&#8221; box_shadow_style=&#8221;preset3&#8243; box_shadow_blur=&#8221;46px&#8221; box_shadow_color=&#8221;#9bb8db&#8221; global_colors_info=&#8221;{}&#8221; background__hover_enabled=&#8221;on|desktop&#8221; background_color__hover=&#8221;#d4e6f3&#8243; background_enable_color__hover=&#8221;on&#8221;][\/et_pb_blurb][et_pb_blurb title=&#8221;Kontrola dost\u0119pu \/ wideodomofony&#8221; image=&#8221;https:\/\/tkg-instalacje.pl\/wp-content\/uploads\/2022\/05\/intercom.png&#8221; image_icon_width=&#8221;41%&#8221; admin_label=&#8221;Service&#8221; _builder_version=&#8221;4.17.4&#8243; _module_preset=&#8221;default&#8221; header_font=&#8221;Montserrat|600|||||||&#8221; header_text_align=&#8221;center&#8221; header_font_size=&#8221;16px&#8221; header_line_height=&#8221;1.7em&#8221; body_font=&#8221;Ubuntu||||||||&#8221; body_text_align=&#8221;center&#8221; body_text_color=&#8221;rgba(255,255,255,0.7)&#8221; body_font_size=&#8221;16px&#8221; body_line_height=&#8221;1.8em&#8221; background_color=&#8221;RGBA(255,255,255,0)&#8221; width=&#8221;80%&#8221; max_width=&#8221;80%&#8221; module_alignment=&#8221;center&#8221; custom_padding=&#8221;60px|30px|42px|40px||&#8221; animation_style=&#8221;slide&#8221; animation_direction=&#8221;bottom&#8221; animation_intensity_slide=&#8221;10%&#8221; animation=&#8221;off&#8221; link_option_url=&#8221;https:\/\/tkg-instalacje.pl\/index.php\/realizacje\/&#8221; border_radii=&#8221;on|5px|5px|5px|5px&#8221; box_shadow_style=&#8221;preset3&#8243; box_shadow_blur=&#8221;46px&#8221; box_shadow_color=&#8221;#9bb8db&#8221; global_colors_info=&#8221;{}&#8221; background__hover_enabled=&#8221;on|desktop&#8221; background_color__hover=&#8221;#d4e6f3&#8243; background_enable_color__hover=&#8221;on&#8221;][\/et_pb_blurb][\/et_pb_column][\/et_pb_row][\/et_pb_section][et_pb_section fb_built=&#8221;1&#8243; fullwidth=&#8221;on&#8221; admin_label=&#8221;Map&#8221; _builder_version=&#8221;4.16&#8243; _module_preset=&#8221;default&#8221; global_colors_info=&#8221;{}&#8221;][et_pb_fullwidth_code _builder_version=&#8221;4.17.3&#8243; _module_preset=&#8221;default&#8221; global_colors_info=&#8221;{}&#8221;]<iframe src=\"https:\/\/www.google.com\/maps\/embed?pb=!1m18!1m12!1m3!1d20027.018570375145!2d17.03065040867004!3d51.13839270432437!2m3!1f0!2f0!3f0!3m2!1i1024!2i768!4f13.1!3m3!1m2!1s0x470fe9bdb6c6f8e5%3A0x11831652dcbc82b9!2sTKG%20PROJEKTY%20%2F%20Technika%20Klimatyzacyjna%20i%20Grzewcza%20Projekty%20Sp.%20z%20o.o.!5e0!3m2!1spl!2spl!4v1652347057235!5m2!1spl!2spl\" width=\"100%\" height=\"560\" style=\"border:0;\" allowfullscreen=\"\" loading=\"lazy\" referrerpolicy=\"no-referrer-when-downgrade\"><\/iframe>[\/et_pb_fullwidth_code][\/et_pb_section]<\/p>\n","protected":false},"excerpt":{"rendered":"<p>Zapraszamy do zapoznania si\u0119 z nasz\u0105 ofert\u0105<\/p>\n","protected":false},"author":2,"featured_media":0,"parent":0,"menu_order":0,"comment_status":"closed","ping_status":"closed","template":"","meta":{"_et_pb_use_builder":"on","_et_pb_old_content":"","_et_gb_content_width":"","inline_featured_image":false,"footnotes":""},"class_list":["post-52","page","type-page","status-publish","hentry"],"_links":{"self":[{"href":"https:\/\/tkg-instalacje.pl\/index.php\/wp-json\/wp\/v2\/pages\/52","targetHints":{"allow":["GET"]}}],"collection":[{"href":"https:\/\/tkg-instalacje.pl\/index.php\/wp-json\/wp\/v2\/pages"}],"about":[{"href":"https:\/\/tkg-instalacje.pl\/index.php\/wp-json\/wp\/v2\/types\/page"}],"author":[{"embeddable":true,"href":"https:\/\/tkg-instalacje.pl\/index.php\/wp-json\/wp\/v2\/users\/2"}],"replies":[{"embeddable":true,"href":"https:\/\/tkg-instalacje.pl\/index.php\/wp-json\/wp\/v2\/comments?post=52"}],"version-history":[{"count":189,"href":"https:\/\/tkg-instalacje.pl\/index.php\/wp-json\/wp\/v2\/pages\/52\/revisions"}],"predecessor-version":[{"id":249818,"href":"https:\/\/tkg-instalacje.pl\/index.php\/wp-json\/wp\/v2\/pages\/52\/revisions\/249818"}],"wp:attachment":[{"href":"https:\/\/tkg-instalacje.pl\/index.php\/wp-json\/wp\/v2\/media?parent=52"}],"curies":[{"name":"wp","href":"https:\/\/api.w.org\/{rel}","templated":true}]}}