{"id":176,"date":"2022-04-19T11:38:39","date_gmt":"2022-04-19T09:38:39","guid":{"rendered":"https:\/\/tkg-instalacje.pl\/?page_id=176"},"modified":"2022-05-13T16:03:34","modified_gmt":"2022-05-13T14:03:34","slug":"referencje","status":"publish","type":"page","link":"https:\/\/tkg-instalacje.pl\/index.php\/referencje\/","title":{"rendered":"REFERENCJE"},"content":{"rendered":"<p>[et_pb_section fb_built=&#8221;1&#8243; admin_label=&#8221;Header&#8221; _builder_version=&#8221;4.17.3&#8243; _module_preset=&#8221;default&#8221; background_enable_image=&#8221;off&#8221; background_size=&#8221;initial&#8221; custom_padding=&#8221;0px||12px|||&#8221; background_last_edited=&#8221;off|tablet&#8221; background_position_tablet=&#8221;center_left&#8221; locked=&#8221;off&#8221; global_colors_info=&#8221;{}&#8221;][et_pb_row _builder_version=&#8221;4.16&#8243; _module_preset=&#8221;default&#8221; min_height=&#8221;160px&#8221; custom_padding=&#8221;3px||0px|||&#8221; global_colors_info=&#8221;{}&#8221;][et_pb_column type=&#8221;4_4&#8243; _builder_version=&#8221;4.16&#8243; _module_preset=&#8221;default&#8221; global_colors_info=&#8221;{}&#8221;][et_pb_text _builder_version=&#8221;4.17.3&#8243; _module_preset=&#8221;default&#8221; text_font_size=&#8221;16px&#8221; text_line_height=&#8221;1.8em&#8221; header_font=&#8221;IBM Plex Sans Condensed|700|||||||&#8221; header_font_size=&#8221;80px&#8221; header_line_height=&#8221;1.2em&#8221; header_2_font_size=&#8221;80px&#8221; header_3_font_size=&#8221;80px&#8221; header_4_font_size=&#8221;80px&#8221; header_5_font_size=&#8221;60px&#8221; header_5_line_height=&#8221;1.6em&#8221; header_6_font_size=&#8221;80px&#8221; max_width=&#8221;800px&#8221; min_height=&#8221;119px&#8221; custom_margin=&#8221;||-26px|||&#8221; text_font_size_phone=&#8221;16px&#8221; text_font_size_last_edited=&#8221;off|desktop&#8221; header_font_size_tablet=&#8221;50px&#8221; header_font_size_phone=&#8221;36px&#8221; header_font_size_last_edited=&#8221;on|phone&#8221; header_2_font_size_tablet=&#8221;50px&#8221; header_2_font_size_phone=&#8221;36px&#8221; header_2_font_size_last_edited=&#8221;on|phone&#8221; header_3_font_size_tablet=&#8221;50px&#8221; header_3_font_size_phone=&#8221;36px&#8221; header_3_font_size_last_edited=&#8221;on|phone&#8221; header_4_font_size_tablet=&#8221;50px&#8221; header_4_font_size_phone=&#8221;36px&#8221; header_4_font_size_last_edited=&#8221;on|phone&#8221; header_5_font_size_tablet=&#8221;50px&#8221; header_5_font_size_phone=&#8221;36px&#8221; header_5_font_size_last_edited=&#8221;on|phone&#8221; header_6_font_size_tablet=&#8221;50px&#8221; header_6_font_size_phone=&#8221;36px&#8221; header_6_font_size_last_edited=&#8221;on|phone&#8221; locked=&#8221;off&#8221; inline_fonts=&#8221;Poppins&#8221; global_colors_info=&#8221;{}&#8221;]<\/p>\n<h5><strong><span style=\"color: #333399;\">Referencje<br \/><\/span><\/strong><\/h5>\n<p>[\/et_pb_text][et_pb_divider color=&#8221;#233a8e&#8221; divider_weight=&#8221;2px&#8221; _builder_version=&#8221;4.17.3&#8243; _module_preset=&#8221;default&#8221; width=&#8221;7%&#8221; custom_margin=&#8221;||-68px|||&#8221; global_colors_info=&#8221;{}&#8221;][\/et_pb_divider][et_pb_text _builder_version=&#8221;4.17.3&#8243; _module_preset=&#8221;default&#8221; text_font_size=&#8221;16px&#8221; text_line_height=&#8221;1.8em&#8221; header_font=&#8221;Poppins|800|||||||&#8221; header_font_size=&#8221;80px&#8221; header_line_height=&#8221;1.2em&#8221; header_2_font_size=&#8221;80px&#8221; header_3_font_size=&#8221;80px&#8221; header_4_font_size=&#8221;80px&#8221; header_5_font_size=&#8221;80px&#8221; header_6_font_size=&#8221;80px&#8221; max_width=&#8221;800px&#8221; min_height=&#8221;59.8px&#8221; custom_margin=&#8221;||-26px|||&#8221; text_font_size_phone=&#8221;16px&#8221; text_font_size_last_edited=&#8221;off|desktop&#8221; header_font_size_tablet=&#8221;50px&#8221; header_font_size_phone=&#8221;36px&#8221; header_font_size_last_edited=&#8221;on|phone&#8221; header_2_font_size_tablet=&#8221;50px&#8221; header_2_font_size_phone=&#8221;36px&#8221; header_2_font_size_last_edited=&#8221;on|phone&#8221; header_3_font_size_tablet=&#8221;50px&#8221; header_3_font_size_phone=&#8221;36px&#8221; header_3_font_size_last_edited=&#8221;on|phone&#8221; header_4_font_size_tablet=&#8221;50px&#8221; header_4_font_size_phone=&#8221;36px&#8221; header_4_font_size_last_edited=&#8221;on|phone&#8221; header_5_font_size_tablet=&#8221;50px&#8221; header_5_font_size_phone=&#8221;36px&#8221; header_5_font_size_last_edited=&#8221;on|phone&#8221; header_6_font_size_tablet=&#8221;50px&#8221; header_6_font_size_phone=&#8221;36px&#8221; header_6_font_size_last_edited=&#8221;on|phone&#8221; locked=&#8221;off&#8221; inline_fonts=&#8221;Poppins,Poor Story&#8221; global_colors_info=&#8221;{}&#8221;][\/et_pb_text][\/et_pb_column][\/et_pb_row][et_pb_row column_structure=&#8221;1_2,1_2&#8243; _builder_version=&#8221;4.17.3&#8243; _module_preset=&#8221;default&#8221; custom_padding=&#8221;||18px|||&#8221; global_colors_info=&#8221;{}&#8221;][et_pb_column type=&#8221;1_2&#8243; _builder_version=&#8221;4.17.3&#8243; _module_preset=&#8221;default&#8221; global_colors_info=&#8221;{}&#8221;][et_pb_image src=&#8221;https:\/\/tkg-instalacje.pl\/wp-content\/uploads\/2022\/04\/Stars.png&#8221; title_text=&#8221;Stars&#8221; align=&#8221;center&#8221; _builder_version=&#8221;4.17.3&#8243; _module_preset=&#8221;default&#8221; global_colors_info=&#8221;{}&#8221;][\/et_pb_image][et_pb_text _builder_version=&#8221;4.17.3&#8243; _module_preset=&#8221;default&#8221; background_color=&#8221;#FFFFFF&#8221; custom_padding=&#8221;|72px||||&#8221; global_colors_info=&#8221;{}&#8221;]<\/p>\n<p style=\"text-align: justify;\"><span style=\"color: #555968; font-family: Poppins; font-weight: normal; font-size: small;\"><strong>HARAS BUDOWNICTWO Sp. z o.o. Sp.k<\/strong>. potwierdza niniejszym, ze firma TECHNIKA KLIMATYZACYJNA i GRZEWCZA Sp. z o.o. dostarczy\u0142a oraz zamontowa\u0142a urz\u0105dzenia instalacji systemu automatyki napowietrzania. Prace, kt\u00f3re by, prowadzone na terenie Osiedla Innova III od lutego 2018 r. do czerwca 2019 r., zosta\u0142y wykonane w spos\u00f3b profesjonalny i rzetelny, :godnie z obowi\u0105zuj\u0105cymi normami i sztuk\u0105 budowlan\u0105. Zastosowane urz\u0105dzenia cechuj\u0105 si\u0119 wysok\u0105 jako\u015bci\u0105. W trakcie realizacji firma TKG Sp. z o.o. wykaza\u0142a si\u0119 du\u017c\u0105 sprawno\u015bci\u0105 organizacyjn\u0105 oraz wysokim poziomem technicznym wykonanych instalacji. Dzi\u0119ki zaanga\u017cowaniu pracownik\u00f3w wykonawca wywi\u0105za\u0142 si\u0119 terminowo z podj\u0119tych zada\u0144. <\/span><\/p>\n<p>[\/et_pb_text][et_pb_image src=&#8221;https:\/\/tkg-instalacje.pl\/wp-content\/uploads\/2022\/04\/Stars.png&#8221; title_text=&#8221;Stars&#8221; align=&#8221;center&#8221; _builder_version=&#8221;4.17.3&#8243; _module_preset=&#8221;default&#8221; global_colors_info=&#8221;{}&#8221;][\/et_pb_image][et_pb_text _builder_version=&#8221;4.17.3&#8243; _module_preset=&#8221;default&#8221; background_color=&#8221;#FFFFFF&#8221; custom_padding=&#8221;|72px||||&#8221; inline_fonts=&#8221;Poppins&#8221; global_colors_info=&#8221;{}&#8221;]<\/p>\n<p style=\"text-align: justify;\"><span style=\"color: #555968; font-family: Poppins; font-weight: normal; font-size: small;\"><strong>Firma Nawrot Sp. z o.o.<\/strong>\u00a0 niniejszym informuje, \u017ce firma TKG Sp. z o.o. Sp. K. wykona\u0142a w styczniu 2020 zadanie inwestycyjne, polegaj\u0105ce na: pracach instalacyjnych, teletechnicznych w obiekcie salonu samochodowego i zaplecza Renault zlokalizowanego w D\u0142ugo\u0142\u0119ce przy ul. Wroc\u0142awskiej 33b&#8221; Zakres prac obejmowa\u0142 kompleksow\u0105 realizacj\u0119 zadania w tym:<br \/>&#8211; instalacje systemu dozoru wizyjnego CCTV<br \/>&#8211; instalacje systemu kontroli dost\u0119pu SKD<\/span><\/p>\n<p style=\"text-align: justify;\"><span style=\"font-family: Poppins; font-weight: normal; font-size: small;\">Jako wykonawca, firma TKG Sp. z o.o. Sp. K. mo\u017ce pochwali\u0107 si\u0119 profesjonalizmem w prowadzeniu prac monta\u017cowych. Wykonane prace odpowiadaj\u0105 naszym oczekiwaniom. Prace instalacyjne zosta\u0142y wykonane terminowo i zgodnie z umow\u0105. Wsp\u00f3\u0142praca przebiega\u0142a harmonijnie i bez zak\u0142\u00f3ce\u0144. Realizacj\u0119 inwestycji wykonywa\u0142a wyspecjalizowana kadra instalator\u00f3w co pozwoli\u0142o na szybk\u0105 i profesjonalna realizacj\u0119 przedsi\u0119wzi\u0119cia.<\/span><br \/><span style=\"font-family: Poppins; font-weight: normal; font-size: small;\">Polecamy firm\u0119 TKG Sp. z o.o. Sp. K. wszystkim inwestorom. Og\u00f3lne wykonawstwo rob\u00f3t oceniamy bardzo dobrze. Prace zosta\u0142y wykonane solidnie i zgodnie ze sztuk\u0105.<\/span><\/p>\n<p>&nbsp;<\/p>\n<p><span style=\"color: #555968; font-family: Poppins; font-weight: normal; font-size: small;\"><\/span><\/p>\n<p>[\/et_pb_text][\/et_pb_column][et_pb_column type=&#8221;1_2&#8243; _builder_version=&#8221;4.17.3&#8243; _module_preset=&#8221;default&#8221; global_colors_info=&#8221;{}&#8221;][et_pb_image src=&#8221;https:\/\/tkg-instalacje.pl\/wp-content\/uploads\/2022\/04\/Stars.png&#8221; title_text=&#8221;Stars&#8221; align=&#8221;center&#8221; _builder_version=&#8221;4.17.3&#8243; _module_preset=&#8221;default&#8221; global_colors_info=&#8221;{}&#8221;][\/et_pb_image][et_pb_text _builder_version=&#8221;4.17.3&#8243; _module_preset=&#8221;default&#8221; background_color=&#8221;#FFFFFF&#8221; text_orientation=&#8221;justified&#8221; custom_margin=&#8221;|72px||||&#8221; global_colors_info=&#8221;{}&#8221;]<\/p>\n<p style=\"text-align: justify;\"><span style=\"color: #555968; font-family: Poppins; font-weight: normal; font-size: small;\"><strong>Firma Bud Technika Sp. Z o.o. Sp. K<\/strong> niniejszym informuje, \u017ce jako Generalny Wykonawca inwestycji polegaj\u0105cej na budowie salonu samochodowego z zapleczem serwisowym i infrastruktur\u0105 zewn\u0119trzn\u0105 dla marki Hyundal, zlokalizowanego w Dlugol\u0119ce przy ul. Wroc\u0142awskie) 33b zleci\u0142a firmie TKG Sp. Z o.o. Sp. K. wykonanie w okresie STYCZE\u0143 2019 \u2014 WRZESIE\u0143 2019 zadania polegaj\u0105cego na wykonaniu instalacji teletechnicznej om automatyki budynkowej w zakresie:<\/span><\/p>\n<p><span style=\"color: #555968; font-family: Poppins; font-weight: normal; font-size: small;\">1. System Sygnalizacji W\u0142amania i Napadu SSWIN<br \/>2. System Sygnalizacji Po\u017caru SSP<br \/>3. Instalacje audiowizualne AV<br \/>4. System oddymiani SOD<br \/>S. System Kontroli Dost\u0119pu SKD<br \/>6. System monitoringu CCTV \/ Automatyka wentylacji binlynkowej<\/span><\/p>\n<p style=\"text-align: justify;\">\n<p>[\/et_pb_text][et_pb_image src=&#8221;https:\/\/tkg-instalacje.pl\/wp-content\/uploads\/2022\/04\/Stars.png&#8221; title_text=&#8221;Stars&#8221; align=&#8221;center&#8221; _builder_version=&#8221;4.17.3&#8243; _module_preset=&#8221;default&#8221; global_colors_info=&#8221;{}&#8221;][\/et_pb_image][et_pb_text _builder_version=&#8221;4.17.3&#8243; _module_preset=&#8221;default&#8221; background_color=&#8221;#FFFFFF&#8221; custom_padding=&#8221;|72px||||&#8221; global_colors_info=&#8221;{}&#8221;]<\/p>\n<p style=\"text-align: justify;\"><span style=\"color: #555968; font-family: Poppins; font-weight: normal; font-size: small;\">Wszelkie prace wynikaj\u0105ce z umowy zostaly wykonane z nale\u017cyt\u0105 staranno\u015bci\u0105 I fachowo\u015bci\u0105. Firma TKG Sp. Z o.o. Sp. K. wykaza\u0142a si\u0119 dobr\u0105 organizacj\u0105 prac l_profesjonalnym wykonawstwem. Jest dyspozycyjna i z pelnym zaanga\u017cowaniem realizuje potrzeby oraz wymagania Zamawiaj\u0105cego. Uwa\u017camy, \u017ce firma TKG Sp. Z o.. Sp. K., jest solidnym i rzetelnym partnerem, dysponuj\u0105cym kadr\u0105 z du\u017cym do\u015bwiadczeniem i wiedz\u0105.<\/span><br \/><span style=\"color: #555968; font-family: Poppins; font-weight: normal; font-size: small;\"><\/span><span style=\"color: #555968; font-family: Poppins; font-weight: normal; font-size: small;\"><\/span><\/p>\n<p style=\"text-align: justify;\">\n<p style=\"text-align: justify;\">\n<p>[\/et_pb_text][\/et_pb_column][\/et_pb_row][\/et_pb_section]<\/p>\n","protected":false},"excerpt":{"rendered":"<p>ReferencjeHARAS BUDOWNICTWO Sp. z o.o. Sp.k. potwierdza niniejszym, ze firma TECHNIKA KLIMATYZACYJNA i GRZEWCZA Sp. z o.o. dostarczy\u0142a oraz zamontowa\u0142a urz\u0105dzenia instalacji systemu automatyki napowietrzania. Prace, kt\u00f3re by, prowadzone na terenie Osiedla Innova III od lutego 2018 r. do czerwca 2019 r., zosta\u0142y wykonane w spos\u00f3b profesjonalny i rzetelny, :godnie z obowi\u0105zuj\u0105cymi normami i sztuk\u0105 budowlan\u0105. Zastosowane urz\u0105dzenia cechuj\u0105 si\u0119 wysok\u0105 jako\u015bci\u0105. W trakcie realizacji firma TKG Sp. z o.o. wykaza\u0142a si\u0119 du\u017c\u0105 sprawno\u015bci\u0105 organizacyjn\u0105 oraz wysokim poziomem technicznym wykonanych instalacji. Dzi\u0119ki zaanga\u017cowaniu pracownik\u00f3w wykonawca wywi\u0105za\u0142 si\u0119 terminowo z podj\u0119tych zada\u0144. Firma Nawrot Sp. z o.o.\u00a0 niniejszym informuje, \u017ce firma TKG Sp. z o.o. Sp. K. wykona\u0142a w styczniu 2020 zadanie inwestycyjne, polegaj\u0105ce na: pracach instalacyjnych, teletechnicznych w obiekcie salonu samochodowego i zaplecza Renault zlokalizowanego w D\u0142ugo\u0142\u0119ce przy ul. Wroc\u0142awskiej 33b&#8221; Zakres prac obejmowa\u0142 kompleksow\u0105 realizacj\u0119 zadania w tym:- instalacje systemu dozoru wizyjnego CCTV- instalacje systemu kontroli dost\u0119pu SKD Jako wykonawca, firma TKG Sp. z o.o. Sp. K. mo\u017ce pochwali\u0107 si\u0119 profesjonalizmem w prowadzeniu prac monta\u017cowych. Wykonane prace odpowiadaj\u0105 naszym oczekiwaniom. Prace instalacyjne zosta\u0142y wykonane terminowo i zgodnie z umow\u0105. Wsp\u00f3\u0142praca przebiega\u0142a harmonijnie i bez zak\u0142\u00f3ce\u0144. Realizacj\u0119 inwestycji wykonywa\u0142a wyspecjalizowana kadra instalator\u00f3w co pozwoli\u0142o na szybk\u0105 i profesjonalna realizacj\u0119 przedsi\u0119wzi\u0119cia.Polecamy [&hellip;]<\/p>\n","protected":false},"author":2,"featured_media":0,"parent":0,"menu_order":0,"comment_status":"closed","ping_status":"closed","template":"","meta":{"_et_pb_use_builder":"on","_et_pb_old_content":"","_et_gb_content_width":"","inline_featured_image":false,"footnotes":""},"class_list":["post-176","page","type-page","status-publish","hentry"],"_links":{"self":[{"href":"https:\/\/tkg-instalacje.pl\/index.php\/wp-json\/wp\/v2\/pages\/176","targetHints":{"allow":["GET"]}}],"collection":[{"href":"https:\/\/tkg-instalacje.pl\/index.php\/wp-json\/wp\/v2\/pages"}],"about":[{"href":"https:\/\/tkg-instalacje.pl\/index.php\/wp-json\/wp\/v2\/types\/page"}],"author":[{"embeddable":true,"href":"https:\/\/tkg-instalacje.pl\/index.php\/wp-json\/wp\/v2\/users\/2"}],"replies":[{"embeddable":true,"href":"https:\/\/tkg-instalacje.pl\/index.php\/wp-json\/wp\/v2\/comments?post=176"}],"version-history":[{"count":42,"href":"https:\/\/tkg-instalacje.pl\/index.php\/wp-json\/wp\/v2\/pages\/176\/revisions"}],"predecessor-version":[{"id":249784,"href":"https:\/\/tkg-instalacje.pl\/index.php\/wp-json\/wp\/v2\/pages\/176\/revisions\/249784"}],"wp:attachment":[{"href":"https:\/\/tkg-instalacje.pl\/index.php\/wp-json\/wp\/v2\/media?parent=176"}],"curies":[{"name":"wp","href":"https:\/\/api.w.org\/{rel}","templated":true}]}}